{"id":236,"date":"2019-04-04T08:35:13","date_gmt":"2019-04-04T08:35:13","guid":{"rendered":"https:\/\/casa-colloro.de\/?page_id=236"},"modified":"2019-06-05T08:47:56","modified_gmt":"2019-06-05T08:47:56","slug":"terasse-und-garten","status":"publish","type":"page","link":"https:\/\/casa-colloro.de\/index.php\/terasse-und-garten\/","title":{"rendered":"Terasse und Garten"},"content":{"rendered":"\n<div class=\"wp-block-image\"><figure class=\"aligncenter is-resized\"><img loading=\"lazy\" decoding=\"async\" src=\"https:\/\/casa-colloro.de\/wp-content\/uploads\/2019\/03\/IMG_0870-e1554367193385.jpg\" alt=\"\" class=\"wp-image-22\" width=\"409\" height=\"547\" srcset=\"https:\/\/casa-colloro.de\/wp-content\/uploads\/2019\/03\/IMG_0870-e1554367193385.jpg 747w, https:\/\/casa-colloro.de\/wp-content\/uploads\/2019\/03\/IMG_0870-e1554367193385-224x300.jpg 224w\" sizes=\"auto, (max-width: 409px) 100vw, 409px\" \/><figcaption>Terrasse <\/figcaption><\/figure><\/div>\n\n\n\n<p style=\"text-align:center\">Vor dem Geb\u00e4ude befinden sich zwei Terrassen, <\/p>\n\n\n\n<p style=\"text-align:center\">auf denen man gem\u00fctlich sitzen, essen und die Sonne genie\u00dfen kann. <\/p>\n\n\n\n<div class=\"wp-block-image\"><figure class=\"aligncenter\"><img loading=\"lazy\" decoding=\"async\" width=\"425\" height=\"567\" src=\"https:\/\/casa-colloro.de\/wp-content\/uploads\/2019\/06\/Terrasse-mit-Steintisch.jpg\" alt=\"\" class=\"wp-image-306\" srcset=\"https:\/\/casa-colloro.de\/wp-content\/uploads\/2019\/06\/Terrasse-mit-Steintisch.jpg 425w, https:\/\/casa-colloro.de\/wp-content\/uploads\/2019\/06\/Terrasse-mit-Steintisch-225x300.jpg 225w\" sizes=\"auto, (max-width: 425px) 100vw, 425px\" \/><figcaption>Terrasse mit Steintisch<\/figcaption><\/figure><\/div>\n\n\n\n<ul class=\"wp-block-gallery columns-2 is-cropped wp-block-gallery-1 is-layout-flex wp-block-gallery-is-layout-flex\"><li class=\"blocks-gallery-item\"><figure><img loading=\"lazy\" decoding=\"async\" width=\"425\" height=\"567\" src=\"https:\/\/casa-colloro.de\/wp-content\/uploads\/2019\/06\/Blick-in-den-Gartenteil.jpg\" alt=\"\" data-id=\"307\" data-link=\"https:\/\/casa-colloro.de\/index.php\/terasse-und-garten\/blick-in-den-gartenteil\/\" class=\"wp-image-307\" srcset=\"https:\/\/casa-colloro.de\/wp-content\/uploads\/2019\/06\/Blick-in-den-Gartenteil.jpg 425w, https:\/\/casa-colloro.de\/wp-content\/uploads\/2019\/06\/Blick-in-den-Gartenteil-225x300.jpg 225w\" sizes=\"auto, (max-width: 425px) 100vw, 425px\" \/><figcaption>Blick in den kleinen Garten<\/figcaption><\/figure><\/li><li class=\"blocks-gallery-item\"><figure><img loading=\"lazy\" decoding=\"async\" width=\"425\" height=\"567\" src=\"https:\/\/casa-colloro.de\/wp-content\/uploads\/2019\/06\/Blick-von-oben-auf-den-Gartenteil.jpg\" alt=\"\" data-id=\"308\" data-link=\"https:\/\/casa-colloro.de\/index.php\/terasse-und-garten\/blick-von-oben-auf-den-gartenteil\/\" class=\"wp-image-308\" srcset=\"https:\/\/casa-colloro.de\/wp-content\/uploads\/2019\/06\/Blick-von-oben-auf-den-Gartenteil.jpg 425w, https:\/\/casa-colloro.de\/wp-content\/uploads\/2019\/06\/Blick-von-oben-auf-den-Gartenteil-225x300.jpg 225w\" sizes=\"auto, (max-width: 425px) 100vw, 425px\" \/><figcaption>Hier kann man sich ausruhen, ein Buch lesen oder &#8230;.<\/figcaption><\/figure><\/li><\/ul>\n\n\n\n<h4 class=\"wp-block-heading\"><\/h4>\n\n\n\n<p><\/p>\n","protected":false},"excerpt":{"rendered":"<p>Vor dem Geb\u00e4ude befinden sich zwei Terrassen, auf denen man gem\u00fctlich sitzen, essen und die Sonne genie\u00dfen kann.<\/p>\n","protected":false},"author":1,"featured_media":0,"parent":0,"menu_order":0,"comment_status":"closed","ping_status":"closed","template":"page-templates\/page-nosidebars.php","meta":{"footnotes":""},"class_list":["post-236","page","type-page","status-publish","hentry"],"_links":{"self":[{"href":"https:\/\/casa-colloro.de\/index.php\/wp-json\/wp\/v2\/pages\/236","targetHints":{"allow":["GET"]}}],"collection":[{"href":"https:\/\/casa-colloro.de\/index.php\/wp-json\/wp\/v2\/pages"}],"about":[{"href":"https:\/\/casa-colloro.de\/index.php\/wp-json\/wp\/v2\/types\/page"}],"author":[{"embeddable":true,"href":"https:\/\/casa-colloro.de\/index.php\/wp-json\/wp\/v2\/users\/1"}],"replies":[{"embeddable":true,"href":"https:\/\/casa-colloro.de\/index.php\/wp-json\/wp\/v2\/comments?post=236"}],"version-history":[{"count":8,"href":"https:\/\/casa-colloro.de\/index.php\/wp-json\/wp\/v2\/pages\/236\/revisions"}],"predecessor-version":[{"id":311,"href":"https:\/\/casa-colloro.de\/index.php\/wp-json\/wp\/v2\/pages\/236\/revisions\/311"}],"wp:attachment":[{"href":"https:\/\/casa-colloro.de\/index.php\/wp-json\/wp\/v2\/media?parent=236"}],"curies":[{"name":"wp","href":"https:\/\/api.w.org\/{rel}","templated":true}]}}