{"id":44,"date":"2019-03-01T11:03:59","date_gmt":"2019-03-01T11:03:59","guid":{"rendered":"https:\/\/casa-colloro.de\/?page_id=44"},"modified":"2019-04-03T08:41:18","modified_gmt":"2019-04-03T08:41:18","slug":"datenschutz","status":"publish","type":"page","link":"https:\/\/casa-colloro.de\/index.php\/datenschutz\/","title":{"rendered":"Datenschutz"},"content":{"rendered":"\n<p><\/p>\n\n\n\n<p>Verantwortlich im Sinne der Datenschutzgesetzes:<\/p>\n\n\n\n<p>Bernd Siegele<br>Tel.: 07071 35717<\/p>\n\n\n\n<p><\/p>\n\n\n\n<p><strong>Erfassung von Daten<\/strong><\/p>\n\n\n\n<p>W\u00e4hrend Sie auf unsere Webseiten zugreifen, erfassen wir automatisch \nDaten von allgemeiner Natur. Diese Daten (Server-Logfiles) umfassen zum \nBeispiel die Art ihres Browsers, ihr Betriebssystem, den Domainnamen \nIhres Internetanbieters sowie weitere \u00e4hnliche allgemeine Daten. Diese \nDaten sind absolut Personen unabh\u00e4ngig und werden genutzt, um Ihnen die \nWebseiten korrekt darzustellen und werden bei jeder Nutzung des \nInternets abgerufen. Die absolut anonymen Daten werden statistisch \nausgewertet um unseren Service f\u00fcr Sie zu verbessern.<\/p>\n\n\n\n<p><strong>Kontaktformular<\/strong><\/p>\n\n\n\n<p>Wenn Sie uns \u00fcber unsere Kontaktseite kontaktieren oder uns eine \nE-Mail schicken werden die entsprechenden Daten zur Bearbeitung \ngespeichert.<\/p>\n\n\n\n<p><strong>L\u00f6schung oder Sperrung von Daten<\/strong><\/p>\n\n\n\n<p>Ihre pers\u00f6nlichen Daten werden nur so lange gespeichert, wie dies \nabsolut notwendig ist um die angegebenen Dienste zu leisten und es vom \nGesetz vorgeschrieben ist. Nach Ablauf dieser Fristen werden die \npers\u00f6nlichen Daten der Nutzer regelm\u00e4\u00dfig gesperrt oder gel\u00f6scht.<\/p>\n\n\n\n<p><strong>Google Analytics<\/strong><\/p>\n\n\n\n<p>Unsere Webseite nutzt Google Analytics, den Webanalysedienst der \nGoogle Inc. (\u201eGoogle\u201c). Google Analytics nutzt \u201eCookies\u201c, kleine \nTextdateien, die auf Ihrem Rechner gespeichert werden und Daten zur \nNutzung unserer Webseite speichern. Die vom Cookie erzeugten Daten \u00fcber \ndie Nutzung unserer Webseite werden an einen Google Server in die USA \n\u00fcbertragen und gespeichert. Da auf unseren Webseiten eine \nIP-Anonymisierung aktiviert ist, wird Ihre IP-Adresse von Google \ngek\u00fcrzt. Dies gilt f\u00fcr Mitgliedstaaten der Europ\u00e4ischen Union und \nanderen Vertragsstaaten des Abkommens \u00fcber den Europ\u00e4ischen \nWirtschaftsraum. In seltenen F\u00e4llen kann es vorkommen, dass die volle \nIP-Adresse an einen Google Server in den USA \u00fcbertragen und erst dort \ngek\u00fcrzt wird. Google nutzt diese Informationen um Ihre Nutzung unserer \nWebseite auszuwerten, um f\u00fcr uns Berichte \u00fcber die Nutzung der Webseite \nzusammenzustellen und um weitere statistische Daten zu erheben. Ihre \nIP-Adresse wird dabei niemals mit anderen auf Google gespeicherten Daten\n zusammengef\u00fchrt. Die Verwendung von Cookies kann durch eine Einstellung\n in ihrem Browser verboten werden; dies kann jedoch unter Umst\u00e4nden die \nFunktion unserer Webseite beeintr\u00e4chtigen. Mittels eines speziellen \nZusatzprogramms f\u00fcr ihren Browser (Add On) k\u00f6nnen Sie die Sammlung von \nDaten durch Google Analytics desaktivieren<strong>.<\/strong><\/p>\n\n\n\n<p><strong>Cookies<\/strong><\/p>\n\n\n\n<p>Unsere Webseite verwendet \u201eCookies\u201c. Cookies sind Textdateien, die \nvom Server einer Webseite auf Ihren Rechner \u00fcbertragen werden. Bestimmte\n Daten wie IP-Adresse, Browser, Betriebssystem und Internet Verbindung \nwerden dabei \u00fcbertragen.<\/p>\n\n\n\n<p>Cookies starten keine Programme und \u00fcbertragen keine Viren. Die durch\n Cookies gesammelten Informationen dienen dazu, Ihnen die Navigation zu \nerleichtern und die Anzeige unserer Webseiten zu optimieren.<\/p>\n\n\n\n<p>Daten, die von uns erfasst werden, werden niemals ohne Ihre \nEinwilligung an Daten an Dritte weitergegeben oder mit personenbezogenen\n Daten verkn\u00fcpft.<\/p>\n\n\n\n<p>Die Verwendung von Cookies kann \u00fcber Einstellungen in ihrem Browser \nverhindert werden. In den Erl\u00e4uterungen zu Ihrem Internetbrowsers finden\n Sie Informationen dar\u00fcber, wie man diese Einstellungen ver\u00e4ndern kann. \nEinzelne Funktionen unserer Website k\u00f6nnen unter Umst\u00e4nden nicht richtig\n funktionieren, wenn die Verwendung von Cookies desaktiviert ist.<\/p>\n\n\n\n<p><strong>Skalierbares Zentrales Messverfahren<\/strong><\/p>\n\n\n\n<p>F\u00fcr die Sammlung statistischer Kennwerte \u00fcber die Nutzung unserer \nDienste nutzen wir das \u201eSkalierbare Zentrale Messverfahren\u201c (SZM) der \nINFOnline GmbH http:\/\/www.infonline.de)<\/p>\n\n\n\n<p>Dieses Verfahren erhebt anonyme Messwerte. Die SZM- \nReichweitenmessung verwendet zur Wiedererkennung von Computersystemen \nentweder einen Cookie mit der Kennung \u201eioam.de\u201c, \u201eivwbox.de\u201c, ein \nLocalStorage Objekt oder eine Signatur, die aus verschiedenen \n\u00fcbertragenen Informationen Ihres Web-Browsers erstellt wird. IP-Adressen\n werden in anonymisierter Form genutzt.<\/p>\n\n\n\n<p>Bei der Reichweitenmessung wird der Datenschutz stets ber\u00fccksichtigt.\n Diese ermittelt statistisch die Nutzungsintensit\u00e4t und die Zahl der \nNutzer einer Website. Dabei werden einzelne Nutzer nicht erkannt, die \nIdentit\u00e4t bleibt stets gesch\u00fctzt. Das System versendet keine Werbung.<\/p>\n\n\n\n<p>Web-Angebote, die zur Informationsgemeinschaft zur Feststellung der \nVerbreitung von Werbetr\u00e4gern e.V. (IVW \u2013 http:\/\/www.ivw.eu) geh\u00f6ren oder\n an der Studie \u201einternet facts\u201c der Arbeitsgemeinschaft Online-Forschung\n e.V. (AGOF \u2013 www.agof.de) teilnehmen, werden die Nutzungsstatistiken \nmonatlich von der AGOF und der Arbeitsgemeinschaft Media-Analyse e.V. \n(ag.ma \u2013 www.agma-mmc.de), sowie der IVW ver\u00f6ffentlicht und k\u00f6nnen unter\n http:\/\/www.agof.de, http:\/\/www.agma-mmc.de und http:\/\/www.ivw.eu \neingesehen werden, <a href=\"file:\/\/\/Users\/shaktipa\/Downloads\/%5C%22http:\/\/mrdiscountcode.hk\/sephora\/%5C%22\">klick hier<\/a>.\n die IVW \u00fcberpr\u00fcft das SZM-Verfahren regelm\u00e4\u00dfig im Hinblick auf eine \nregel- und datenschutzkonforme Nutzung, au\u00dferdem werden die Messdaten \nver\u00f6ffentlicht.<\/p>\n\n\n\n<p>Die Website der INFOnline GmbH https:\/\/www.infonline.de), die \nDatenschutzwebsite der AGOF (http:\/\/www.agof.de\/datenschutz) und die \nDatenschutzwebsite der IVW (http:\/\/www.ivw.eu) bieten detaillierte \nInformationen zum SZM-Verfahren.<\/p>\n\n\n\n<p>Sollten Sie der Datenverarbeitung durch das SZM nicht entsprechen, \nk\u00f6nnen Sie dies unter den folgenden Links kundtun: http:\/\/optout.ioam.de\n und http:\/\/optout.ivwbox.de<\/p>\n\n\n\n<p><strong>Google AdWords<\/strong><\/p>\n\n\n\n<p>Unsere Webseite verwendet Google Conversion-Tracking. Wenn Sie durch \nden Klick auf eine Google-Anzeige auf unsere Webseite gelangt sind, \nspeichert Google Adwords ein Conversion-Tracking Cookie auf Ihrem \nComputer. Nach 30 Tagen verlieren diese Cookies ihre G\u00fcltigkeit, \nWebseitenbesucher werden dabei nicht identifiziert. Innerhalb der 30 \nTage Spanne k\u00f6nnen wir und Google feststellen, dass der Nutzer anfangs \nauf die Anzeige geklickt um auf unsere Seite zu landen. Google AdWords- \nCookies sind kundenspezifisch und k\u00f6nnen nicht \u00fcber die Webseiten von \nAdWords-Kunden nachverfolgt werden. Die mit Conversion-Cookies \ngesammelten Informationen werden dazu genutzt, Conversion-Statistiken \nf\u00fcr AdWords-Kunden zu erstellen, die Conversion-Tracking nutzen. Die \nKunden erfahren dabei, wie viele Nutzer die eine Anzeige genutzt haben \num ihre Seite zu besuchen. Pers\u00f6nliche Daten der Nutzer werden dabei \nnicht \u00fcbermittelt.<\/p>\n\n\n\n<p>Wer sich nicht am Tracking beteiligen m\u00f6chte kann dies in den Browser\n Einstellungen festlegen. Das automatische Setzen von Cookies kann \ngenerell desaktiviert werden oder Sie k\u00f6nnen Ihren Browser so \neinstellen, dass googleleadservices.com Cookies immer blockiert werden.<\/p>\n\n\n\n<p>Opt-out-Cookies d\u00fcrfen nicht gel\u00f6scht werden, wenn Sie die \nAufzeichnung von Messdaten verweigern m\u00f6chten. Wenn Sie die Cookies in \nIhrem Browser l\u00f6schen, m\u00fcssen alle Opt-out Cookies neu gesetzt werden.<\/p>\n\n\n\n<p><strong>Auskunft, Berichtigung, Sperre, L\u00f6schung und Widerspruch<\/strong><\/p>\n\n\n\n<p>Sie k\u00f6nnen zu jedem Zeitpunkt Informationen \u00fcber Ihre bei uns \ngespeicherten Daten erbitten. Diese k\u00f6nnen auch berichtigt, gesperrt \noder, sofern die vorgeschriebene Zeitr\u00e4ume der Datenspeicherung zur \nGesch\u00e4ftsabwicklung abgelaufen sind, gel\u00f6scht werden. Unser \nDatenschutzmitarbeiter hilft Ihnen bei allen entsprechenden Fragen. \nSeine Kontaktdaten finden Sie weiter unten.<\/p>\n\n\n\n<p>Gesperrte Daten werden in einer speziellen Sperrdatei zu \nKontrollzwecken verwahrt. Wenn die gesetzliche \nArchivierungsverpflichtung abgelaufen ist k\u00f6nnen Sie auch die L\u00f6schung \nder Daten verlangen. Innerhalb der Archivierungsverpflichtung k\u00f6nnen wir\n Ihre Daten auf Wunsch sperren.<\/p>\n\n\n\n<p>\u00c4nderungen oder Widerruf von Einwilligungen k\u00f6nnen durch eine \nMitteilung an uns vorgenommen werden. Dies ist auch f\u00fcr zuk\u00fcnftige \nAktionen m\u00f6glich.<\/p>\n\n\n\n<p><strong>\u00c4nderung der Datenschutzbestimmungen<\/strong><\/p>\n\n\n\n<p>Unsere Datenschutzerkl\u00e4rung k\u00f6nnen in unregelm\u00e4\u00dfigen Abst\u00e4nden \nangepasst werden, damit sie den aktuellen rechtlichen Anforderungen \nentsprechen oder um \u00c4nderungen unserer Dienstleistungen umzusetzen, z. \nB. bei der Einf\u00fcgung neuer Angebote. F\u00fcr Ihren n\u00e4chsten Besuch gilt dann\n automatisch die neue Datenschutzerkl\u00e4rung.<\/p>\n\n\n\n<p><strong>Kontakt zum Datenschutzmitarbeiter<\/strong><\/p>\n\n\n\n<p>F\u00fcr Fragen zum Datenschutz schicken Sie uns bitte eine Nachricht an berndsiegele@posteo.de mit dem Betreff \u201eDatenschutz\u201c.<\/p>\n\n\n\n<p>Diese Widerrufsbelehrung Seite wurde bei <a href=\"file:\/\/\/Users\/shaktipa\/Downloads\/%5C%22https:\/\/datenschutzerkl\u00e4runggenerator.de\/%5C%22\">datenschutzerkl\u00e4runggenerator.de<\/a>&nbsp;erstellt.<\/p>\n","protected":false},"excerpt":{"rendered":"<p>Verantwortlich im Sinne der Datenschutzgesetzes: Bernd SiegeleTel.: 07071 35717 Erfassung von Daten W\u00e4hrend Sie auf unsere Webseiten zugreifen, erfassen wir automatisch Daten von allgemeiner Natur. Diese Daten (Server-Logfiles) umfassen zum Beispiel die Art ihres Browsers, ihr Betriebssystem, den Domainnamen Ihres Internetanbieters sowie weitere \u00e4hnliche allgemeine Daten. Diese Daten sind absolut Personen unabh\u00e4ngig und werden genutzt, [&hellip;]<\/p>\n","protected":false},"author":1,"featured_media":0,"parent":0,"menu_order":0,"comment_status":"closed","ping_status":"closed","template":"page-templates\/page-nosidebars.php","meta":{"footnotes":""},"class_list":["post-44","page","type-page","status-publish","hentry"],"_links":{"self":[{"href":"https:\/\/casa-colloro.de\/index.php\/wp-json\/wp\/v2\/pages\/44","targetHints":{"allow":["GET"]}}],"collection":[{"href":"https:\/\/casa-colloro.de\/index.php\/wp-json\/wp\/v2\/pages"}],"about":[{"href":"https:\/\/casa-colloro.de\/index.php\/wp-json\/wp\/v2\/types\/page"}],"author":[{"embeddable":true,"href":"https:\/\/casa-colloro.de\/index.php\/wp-json\/wp\/v2\/users\/1"}],"replies":[{"embeddable":true,"href":"https:\/\/casa-colloro.de\/index.php\/wp-json\/wp\/v2\/comments?post=44"}],"version-history":[{"count":3,"href":"https:\/\/casa-colloro.de\/index.php\/wp-json\/wp\/v2\/pages\/44\/revisions"}],"predecessor-version":[{"id":196,"href":"https:\/\/casa-colloro.de\/index.php\/wp-json\/wp\/v2\/pages\/44\/revisions\/196"}],"wp:attachment":[{"href":"https:\/\/casa-colloro.de\/index.php\/wp-json\/wp\/v2\/media?parent=44"}],"curies":[{"name":"wp","href":"https:\/\/api.w.org\/{rel}","templated":true}]}}