{"id":67,"date":"2019-03-01T11:13:39","date_gmt":"2019-03-01T11:13:39","guid":{"rendered":"https:\/\/casa-colloro.de\/?page_id=67"},"modified":"2019-04-03T08:31:58","modified_gmt":"2019-04-03T08:31:58","slug":"umgebung","status":"publish","type":"page","link":"https:\/\/casa-colloro.de\/index.php\/umgebung\/","title":{"rendered":"Umgebung von Colloro"},"content":{"rendered":"\n<p><\/p>\n\n\n\n<div class=\"wp-block-image\"><figure class=\"aligncenter is-resized\"><img loading=\"lazy\" decoding=\"async\" src=\"https:\/\/casa-colloro.de\/wp-content\/uploads\/2019\/03\/Kirche-Colloro-2.jpg\" alt=\"\" class=\"wp-image-24\" width=\"577\" height=\"433\" srcset=\"https:\/\/casa-colloro.de\/wp-content\/uploads\/2019\/03\/Kirche-Colloro-2.jpg 640w, https:\/\/casa-colloro.de\/wp-content\/uploads\/2019\/03\/Kirche-Colloro-2-300x225.jpg 300w\" sizes=\"auto, (max-width: 577px) 100vw, 577px\" \/><figcaption>Colloro mit Blick auf Kirchturm<\/figcaption><\/figure><\/div>\n\n\n\n<p>Colloro ist das Tor zum Nationalpark Val Grande, einem in Europa einzigartigen Park, der als das gr\u00f6\u00dfte Wildnisgebiet Italiens gilt.<br>Am Haus hat man den ganzen Tag Sonne und eine wunderbare Aussicht auf die Bergwelt.<br>In unmittelbarer Ortsn\u00e4he befinden sich malerische Natur und wilde B\u00e4che mit Badem\u00f6glichkeiten.<br>Den Lago Maggiore und den Lago di Mergozzo erreicht man mit dem Auto in 20 bzw. 15 Minuten, den Lago di Orta in ca. 30 Minuten. Dort laden die Orte Stresa, Verbania, Gulio zum Bummeln und Verweilen ein. <br>Mailand ist mit dem Zug in 60 Minuten von Premosello aus erreichbar, und nach Locarno ist es mit dem Auto etwas \u00fcber eine Stunde.<br><br><\/p>\n\n\n\n<div class=\"wp-block-image\"><figure class=\"aligncenter\"><img loading=\"lazy\" decoding=\"async\" width=\"1024\" height=\"717\" src=\"https:\/\/casa-colloro.de\/wp-content\/uploads\/2019\/03\/Carta_PREMOSELLO-1024x717.jpg\" alt=\"\" class=\"wp-image-137\" srcset=\"https:\/\/casa-colloro.de\/wp-content\/uploads\/2019\/03\/Carta_PREMOSELLO-1024x717.jpg 1024w, https:\/\/casa-colloro.de\/wp-content\/uploads\/2019\/03\/Carta_PREMOSELLO-300x210.jpg 300w, https:\/\/casa-colloro.de\/wp-content\/uploads\/2019\/03\/Carta_PREMOSELLO-768x538.jpg 768w\" sizes=\"auto, (max-width: 1024px) 100vw, 1024px\" \/><figcaption>\u00dcbersichtskarte, links oben finden sie Colloro<\/figcaption><\/figure><\/div>\n","protected":false},"excerpt":{"rendered":"<p>Colloro ist das Tor zum Nationalpark Val Grande, einem in Europa einzigartigen Park, der als das gr\u00f6\u00dfte Wildnisgebiet Italiens gilt.Am Haus hat man den ganzen Tag Sonne und eine wunderbare Aussicht auf die Bergwelt.In unmittelbarer Ortsn\u00e4he befinden sich malerische Natur und wilde B\u00e4che mit Badem\u00f6glichkeiten.Den Lago Maggiore und den Lago di Mergozzo erreicht man mit [&hellip;]<\/p>\n","protected":false},"author":1,"featured_media":0,"parent":0,"menu_order":0,"comment_status":"closed","ping_status":"closed","template":"page-templates\/page-nosidebars.php","meta":{"footnotes":""},"class_list":["post-67","page","type-page","status-publish","hentry"],"_links":{"self":[{"href":"https:\/\/casa-colloro.de\/index.php\/wp-json\/wp\/v2\/pages\/67","targetHints":{"allow":["GET"]}}],"collection":[{"href":"https:\/\/casa-colloro.de\/index.php\/wp-json\/wp\/v2\/pages"}],"about":[{"href":"https:\/\/casa-colloro.de\/index.php\/wp-json\/wp\/v2\/types\/page"}],"author":[{"embeddable":true,"href":"https:\/\/casa-colloro.de\/index.php\/wp-json\/wp\/v2\/users\/1"}],"replies":[{"embeddable":true,"href":"https:\/\/casa-colloro.de\/index.php\/wp-json\/wp\/v2\/comments?post=67"}],"version-history":[{"count":15,"href":"https:\/\/casa-colloro.de\/index.php\/wp-json\/wp\/v2\/pages\/67\/revisions"}],"predecessor-version":[{"id":183,"href":"https:\/\/casa-colloro.de\/index.php\/wp-json\/wp\/v2\/pages\/67\/revisions\/183"}],"wp:attachment":[{"href":"https:\/\/casa-colloro.de\/index.php\/wp-json\/wp\/v2\/media?parent=67"}],"curies":[{"name":"wp","href":"https:\/\/api.w.org\/{rel}","templated":true}]}}