{"id":93,"date":"2019-03-19T09:48:30","date_gmt":"2019-03-19T09:48:30","guid":{"rendered":"https:\/\/casa-colloro.de\/?page_id=93"},"modified":"2020-11-19T09:28:21","modified_gmt":"2020-11-19T09:28:21","slug":"schlafzimmer-baeder","status":"publish","type":"page","link":"https:\/\/casa-colloro.de\/index.php\/das-haus\/schlafzimmer-baeder\/","title":{"rendered":"Zimmer"},"content":{"rendered":"\n<p class=\"has-text-align-center\">Das Haus hat insgesamt 4 Schlafzimmer, jedes ca. 20 m\u00b2 gro\u00df, <\/p>\n\n\n\n<p class=\"has-text-align-center\">1 Wohnzimmer nach Absprache, 1 gro\u00dfen Koch-, Ess-, und Wohnbereich, ca. 40 m\u00b2 <br>2 B\u00e4der, je ca. 6 m\u00b2 <br>\u2013 verteilt auf drei Stockwerke.<br><br><\/p>\n\n\n\n<figure class=\"wp-block-gallery columns-2 is-cropped wp-block-gallery-1 is-layout-flex wp-block-gallery-is-layout-flex\"><ul class=\"blocks-gallery-grid\"><li class=\"blocks-gallery-item\"><figure><img loading=\"lazy\" decoding=\"async\" width=\"768\" height=\"1024\" src=\"https:\/\/casa-colloro.de\/wp-content\/uploads\/2019\/04\/IMG_20181012_153106-768x1024.jpg\" alt=\"\" data-id=\"212\" data-link=\"https:\/\/casa-colloro.de\/index.php\/das-haus\/schlafzimmer-baeder\/img_20181012_153106\/\" class=\"wp-image-212\" srcset=\"https:\/\/casa-colloro.de\/wp-content\/uploads\/2019\/04\/IMG_20181012_153106-768x1024.jpg 768w, https:\/\/casa-colloro.de\/wp-content\/uploads\/2019\/04\/IMG_20181012_153106-225x300.jpg 225w\" sizes=\"auto, (max-width: 768px) 100vw, 768px\" \/><figcaption class=\"blocks-gallery-item__caption\">Zimmer 1<\/figcaption><\/figure><\/li><li class=\"blocks-gallery-item\"><figure><img loading=\"lazy\" decoding=\"async\" width=\"768\" height=\"1024\" src=\"https:\/\/casa-colloro.de\/wp-content\/uploads\/2019\/04\/IMG_20181012_153120-768x1024.jpg\" alt=\"\" data-id=\"215\" data-link=\"https:\/\/casa-colloro.de\/index.php\/das-haus\/schlafzimmer-baeder\/img_20181012_153120\/\" class=\"wp-image-215\" srcset=\"https:\/\/casa-colloro.de\/wp-content\/uploads\/2019\/04\/IMG_20181012_153120-768x1024.jpg 768w, https:\/\/casa-colloro.de\/wp-content\/uploads\/2019\/04\/IMG_20181012_153120-225x300.jpg 225w\" sizes=\"auto, (max-width: 768px) 100vw, 768px\" \/><figcaption class=\"blocks-gallery-item__caption\">Zimmer 1<\/figcaption><\/figure><\/li><\/ul><\/figure>\n\n\n\n<figure class=\"wp-block-gallery columns-2 is-cropped wp-block-gallery-2 is-layout-flex wp-block-gallery-is-layout-flex\"><ul class=\"blocks-gallery-grid\"><li class=\"blocks-gallery-item\"><figure><img loading=\"lazy\" decoding=\"async\" width=\"768\" height=\"1024\" src=\"https:\/\/casa-colloro.de\/wp-content\/uploads\/2019\/04\/IMG_20181012_152955-768x1024.jpg\" alt=\"\" data-id=\"211\" data-link=\"https:\/\/casa-colloro.de\/index.php\/das-haus\/cof\/\" class=\"wp-image-211\" srcset=\"https:\/\/casa-colloro.de\/wp-content\/uploads\/2019\/04\/IMG_20181012_152955-768x1024.jpg 768w, https:\/\/casa-colloro.de\/wp-content\/uploads\/2019\/04\/IMG_20181012_152955-225x300.jpg 225w\" sizes=\"auto, (max-width: 768px) 100vw, 768px\" \/><figcaption class=\"blocks-gallery-item__caption\">Zimmer 2<\/figcaption><\/figure><\/li><li class=\"blocks-gallery-item\"><figure><img loading=\"lazy\" decoding=\"async\" width=\"1024\" height=\"768\" src=\"https:\/\/casa-colloro.de\/wp-content\/uploads\/2019\/04\/IMG_0055-1024x768.jpg\" alt=\"\" data-id=\"272\" data-link=\"https:\/\/casa-colloro.de\/index.php\/das-haus\/schlafzimmer-baeder\/img_0055\/\" class=\"wp-image-272\" srcset=\"https:\/\/casa-colloro.de\/wp-content\/uploads\/2019\/04\/IMG_0055-1024x768.jpg 1024w, https:\/\/casa-colloro.de\/wp-content\/uploads\/2019\/04\/IMG_0055-300x225.jpg 300w, https:\/\/casa-colloro.de\/wp-content\/uploads\/2019\/04\/IMG_0055-768x576.jpg 768w\" sizes=\"auto, (max-width: 1024px) 100vw, 1024px\" \/><figcaption class=\"blocks-gallery-item__caption\">Zimmer 2<\/figcaption><\/figure><\/li><\/ul><\/figure>\n\n\n\n<figure class=\"wp-block-gallery columns-2 is-cropped wp-block-gallery-3 is-layout-flex wp-block-gallery-is-layout-flex\"><ul class=\"blocks-gallery-grid\"><li class=\"blocks-gallery-item\"><figure><img loading=\"lazy\" decoding=\"async\" width=\"768\" height=\"1024\" src=\"https:\/\/casa-colloro.de\/wp-content\/uploads\/2019\/04\/IMG_20181012_152819-1-768x1024.jpg\" alt=\"\" data-id=\"228\" data-link=\"https:\/\/casa-colloro.de\/index.php\/das-haus\/schlafzimmer-baeder\/img_20181012_152819-2\/\" class=\"wp-image-228\" srcset=\"https:\/\/casa-colloro.de\/wp-content\/uploads\/2019\/04\/IMG_20181012_152819-1-768x1024.jpg 768w, https:\/\/casa-colloro.de\/wp-content\/uploads\/2019\/04\/IMG_20181012_152819-1-225x300.jpg 225w\" sizes=\"auto, (max-width: 768px) 100vw, 768px\" \/><figcaption class=\"blocks-gallery-item__caption\">Zimmer 3<\/figcaption><\/figure><\/li><li class=\"blocks-gallery-item\"><figure><img loading=\"lazy\" decoding=\"async\" width=\"768\" height=\"1024\" src=\"https:\/\/casa-colloro.de\/wp-content\/uploads\/2019\/04\/IMG_20181012_153216-1-768x1024.jpg\" alt=\"\" data-id=\"229\" data-link=\"https:\/\/casa-colloro.de\/index.php\/das-haus\/schlafzimmer-baeder\/img_20181012_153216-2\/\" class=\"wp-image-229\" srcset=\"https:\/\/casa-colloro.de\/wp-content\/uploads\/2019\/04\/IMG_20181012_153216-1-768x1024.jpg 768w, https:\/\/casa-colloro.de\/wp-content\/uploads\/2019\/04\/IMG_20181012_153216-1-225x300.jpg 225w\" sizes=\"auto, (max-width: 768px) 100vw, 768px\" \/><figcaption class=\"blocks-gallery-item__caption\">Zimmer 3<\/figcaption><\/figure><\/li><\/ul><\/figure>\n\n\n\n<figure class=\"wp-block-gallery columns-2 is-cropped wp-block-gallery-4 is-layout-flex wp-block-gallery-is-layout-flex\"><ul class=\"blocks-gallery-grid\"><li class=\"blocks-gallery-item\"><figure><img loading=\"lazy\" decoding=\"async\" width=\"425\" height=\"567\" src=\"https:\/\/casa-colloro.de\/wp-content\/uploads\/2019\/04\/Schlafzimmer_4.jpg\" alt=\"\" data-id=\"282\" data-link=\"https:\/\/casa-colloro.de\/dav\/\" class=\"wp-image-282\" srcset=\"https:\/\/casa-colloro.de\/wp-content\/uploads\/2019\/04\/Schlafzimmer_4.jpg 425w, https:\/\/casa-colloro.de\/wp-content\/uploads\/2019\/04\/Schlafzimmer_4-225x300.jpg 225w\" sizes=\"auto, (max-width: 425px) 100vw, 425px\" \/><figcaption class=\"blocks-gallery-item__caption\">Zimmer 4<\/figcaption><\/figure><\/li><li class=\"blocks-gallery-item\"><figure><img loading=\"lazy\" decoding=\"async\" width=\"768\" height=\"1024\" src=\"https:\/\/casa-colloro.de\/wp-content\/uploads\/2019\/04\/IMG_20181012_152907-768x1024.jpg\" alt=\"\" data-id=\"255\" data-link=\"https:\/\/casa-colloro.de\/index.php\/das-haus\/schlafzimmer-baeder\/img_20181012_152907\/\" class=\"wp-image-255\" srcset=\"https:\/\/casa-colloro.de\/wp-content\/uploads\/2019\/04\/IMG_20181012_152907-768x1024.jpg 768w, https:\/\/casa-colloro.de\/wp-content\/uploads\/2019\/04\/IMG_20181012_152907-225x300.jpg 225w\" sizes=\"auto, (max-width: 768px) 100vw, 768px\" \/><figcaption class=\"blocks-gallery-item__caption\">Zimmer 4<\/figcaption><\/figure><\/li><\/ul><\/figure>\n\n\n\n<figure class=\"wp-block-gallery columns-0 is-cropped wp-block-gallery-5 is-layout-flex wp-block-gallery-is-layout-flex\"><ul class=\"blocks-gallery-grid\"><li class=\"blocks-gallery-item\"><figure><img loading=\"lazy\" decoding=\"async\" width=\"425\" height=\"567\" src=\"https:\/\/casa-colloro.de\/wp-content\/uploads\/2019\/04\/Wohnzimmer_Rot_2.jpg\" alt=\"\" data-id=\"285\" data-link=\"https:\/\/casa-colloro.de\/index.php\/das-haus\/schlafzimmer-baeder\/wohnzimmer_rot_2\/\" class=\"wp-image-285\" srcset=\"https:\/\/casa-colloro.de\/wp-content\/uploads\/2019\/04\/Wohnzimmer_Rot_2.jpg 425w, https:\/\/casa-colloro.de\/wp-content\/uploads\/2019\/04\/Wohnzimmer_Rot_2-225x300.jpg 225w\" sizes=\"auto, (max-width: 425px) 100vw, 425px\" \/><figcaption class=\"blocks-gallery-item__caption\">Wohnzimmer<\/figcaption><\/figure><\/li><li class=\"blocks-gallery-item\"><figure><img loading=\"lazy\" decoding=\"async\" width=\"425\" height=\"567\" src=\"https:\/\/casa-colloro.de\/wp-content\/uploads\/2019\/04\/Wohnzimmer_Rot.jpg\" alt=\"\" data-id=\"286\" data-link=\"https:\/\/casa-colloro.de\/index.php\/das-haus\/schlafzimmer-baeder\/wohnzimmer_rot\/\" class=\"wp-image-286\" srcset=\"https:\/\/casa-colloro.de\/wp-content\/uploads\/2019\/04\/Wohnzimmer_Rot.jpg 425w, https:\/\/casa-colloro.de\/wp-content\/uploads\/2019\/04\/Wohnzimmer_Rot-225x300.jpg 225w\" sizes=\"auto, (max-width: 425px) 100vw, 425px\" \/><figcaption class=\"blocks-gallery-item__caption\">Wohnzimmer<\/figcaption><\/figure><\/li><\/ul><\/figure>\n\n\n\n<p class=\"has-text-align-center\"><br><\/p>\n\n\n\n<figure class=\"wp-block-gallery columns-2 is-cropped wp-block-gallery-6 is-layout-flex wp-block-gallery-is-layout-flex\"><ul class=\"blocks-gallery-grid\"><li class=\"blocks-gallery-item\"><figure><img loading=\"lazy\" decoding=\"async\" width=\"425\" height=\"567\" src=\"https:\/\/casa-colloro.de\/wp-content\/uploads\/2019\/04\/Bad_1.jpg\" alt=\"\" data-id=\"291\" data-link=\"https:\/\/casa-colloro.de\/index.php\/das-haus\/schlafzimmer-baeder\/cof-2\/\" class=\"wp-image-291\" srcset=\"https:\/\/casa-colloro.de\/wp-content\/uploads\/2019\/04\/Bad_1.jpg 425w, https:\/\/casa-colloro.de\/wp-content\/uploads\/2019\/04\/Bad_1-225x300.jpg 225w\" sizes=\"auto, (max-width: 425px) 100vw, 425px\" \/><figcaption class=\"blocks-gallery-item__caption\">Bad 1<\/figcaption><\/figure><\/li><li class=\"blocks-gallery-item\"><figure><img loading=\"lazy\" decoding=\"async\" width=\"425\" height=\"567\" src=\"https:\/\/casa-colloro.de\/wp-content\/uploads\/2019\/04\/Bad_Balken.jpg\" alt=\"\" data-id=\"293\" data-link=\"https:\/\/casa-colloro.de\/index.php\/das-haus\/schlafzimmer-baeder\/cof-3\/\" class=\"wp-image-293\" srcset=\"https:\/\/casa-colloro.de\/wp-content\/uploads\/2019\/04\/Bad_Balken.jpg 425w, https:\/\/casa-colloro.de\/wp-content\/uploads\/2019\/04\/Bad_Balken-225x300.jpg 225w\" sizes=\"auto, (max-width: 425px) 100vw, 425px\" \/><figcaption class=\"blocks-gallery-item__caption\">Bad 2<\/figcaption><\/figure><\/li><\/ul><\/figure>\n\n\n\n<p class=\"has-text-align-center\">Es gibt zwei B\u00e4der mit jeweils einer Dusche, Waschbecken und Toilette.<br>In den der Wohnk\u00fcche hat es alles, was man zum Kochen und Essen braucht: einen modernen Gasherd, einen K\u00fchlschrank und eine Sp\u00fclmaschine und nat\u00fcrlich einen gro\u00dfen Tisch, an dem alle Platz finden.<\/p>\n\n\n\n<p class=\"has-text-align-center\">Es gibt also genug Platz f\u00fcr bis zu 10 Personen <\/p>\n\n\n\n<p class=\"has-text-align-center\">und ist ideal f\u00fcr gro\u00dfe Familien und Gruppen<\/p>\n\n\n\n<p><\/p>\n\n\n\n<figure class=\"wp-block-gallery columns-2 is-cropped wp-block-gallery-7 is-layout-flex wp-block-gallery-is-layout-flex\"><ul class=\"blocks-gallery-grid\"><li class=\"blocks-gallery-item\"><figure><img loading=\"lazy\" decoding=\"async\" width=\"425\" height=\"319\" src=\"https:\/\/casa-colloro.de\/wp-content\/uploads\/2019\/04\/Ku\u0308che.jpg\" alt=\"\" data-id=\"296\" data-link=\"https:\/\/casa-colloro.de\/ku%cc%88che\/\" class=\"wp-image-296\" srcset=\"https:\/\/casa-colloro.de\/wp-content\/uploads\/2019\/04\/Ku\u0308che.jpg 425w, https:\/\/casa-colloro.de\/wp-content\/uploads\/2019\/04\/Ku\u0308che-300x225.jpg 300w\" sizes=\"auto, (max-width: 425px) 100vw, 425px\" \/><figcaption class=\"blocks-gallery-item__caption\">K\u00fcchenzeile mit Herd und Sp\u00fcle<\/figcaption><\/figure><\/li><li class=\"blocks-gallery-item\"><figure><img loading=\"lazy\" decoding=\"async\" width=\"768\" height=\"1024\" src=\"https:\/\/casa-colloro.de\/wp-content\/uploads\/2020\/11\/IMG_20200925_144715-2-768x1024.jpg\" alt=\"\" data-id=\"381\" data-full-url=\"https:\/\/casa-colloro.de\/wp-content\/uploads\/2020\/11\/IMG_20200925_144715-2.jpg\" data-link=\"https:\/\/casa-colloro.de\/index.php\/das-haus\/schlafzimmer-baeder\/img_20200925_144715-2\/\" class=\"wp-image-381\" srcset=\"https:\/\/casa-colloro.de\/wp-content\/uploads\/2020\/11\/IMG_20200925_144715-2-768x1024.jpg 768w, https:\/\/casa-colloro.de\/wp-content\/uploads\/2020\/11\/IMG_20200925_144715-2-225x300.jpg 225w, https:\/\/casa-colloro.de\/wp-content\/uploads\/2020\/11\/IMG_20200925_144715-2.jpg 1125w\" sizes=\"auto, (max-width: 768px) 100vw, 768px\" \/><figcaption class=\"blocks-gallery-item__caption\">Sitzecke am Kamin<\/figcaption><\/figure><\/li><\/ul><\/figure>\n\n\n\n<figure class=\"wp-block-image size-large\"><img loading=\"lazy\" decoding=\"async\" width=\"768\" height=\"1024\" src=\"https:\/\/casa-colloro.de\/wp-content\/uploads\/2020\/11\/IMG_20200925_182720-1-768x1024.jpg\" alt=\"\" class=\"wp-image-382\" srcset=\"https:\/\/casa-colloro.de\/wp-content\/uploads\/2020\/11\/IMG_20200925_182720-1-768x1024.jpg 768w, https:\/\/casa-colloro.de\/wp-content\/uploads\/2020\/11\/IMG_20200925_182720-1-225x300.jpg 225w, https:\/\/casa-colloro.de\/wp-content\/uploads\/2020\/11\/IMG_20200925_182720-1.jpg 1125w\" sizes=\"auto, (max-width: 768px) 100vw, 768px\" \/><figcaption>Mit Freunden am Kamin<\/figcaption><\/figure>\n\n\n\n<figure class=\"wp-block-image size-large\"><img loading=\"lazy\" decoding=\"async\" width=\"768\" height=\"1024\" src=\"https:\/\/casa-colloro.de\/wp-content\/uploads\/2020\/11\/IMG_20200925_144728-2-768x1024.jpg\" alt=\"\" class=\"wp-image-383\" srcset=\"https:\/\/casa-colloro.de\/wp-content\/uploads\/2020\/11\/IMG_20200925_144728-2-768x1024.jpg 768w, https:\/\/casa-colloro.de\/wp-content\/uploads\/2020\/11\/IMG_20200925_144728-2-225x300.jpg 225w, https:\/\/casa-colloro.de\/wp-content\/uploads\/2020\/11\/IMG_20200925_144728-2.jpg 1125w\" sizes=\"auto, (max-width: 768px) 100vw, 768px\" \/><figcaption>Wohnk\u00fcche mit Esstisch<\/figcaption><\/figure>\n\n\n\n<figure class=\"wp-block-image size-large\"><img loading=\"lazy\" decoding=\"async\" width=\"768\" height=\"1024\" src=\"https:\/\/casa-colloro.de\/wp-content\/uploads\/2020\/11\/IMG_20200925_144734-1-768x1024.jpg\" alt=\"\" class=\"wp-image-384\" srcset=\"https:\/\/casa-colloro.de\/wp-content\/uploads\/2020\/11\/IMG_20200925_144734-1-768x1024.jpg 768w, https:\/\/casa-colloro.de\/wp-content\/uploads\/2020\/11\/IMG_20200925_144734-1-225x300.jpg 225w, https:\/\/casa-colloro.de\/wp-content\/uploads\/2020\/11\/IMG_20200925_144734-1.jpg 1125w\" sizes=\"auto, (max-width: 768px) 100vw, 768px\" \/><figcaption>Wohnk\u00fcchenansicht<\/figcaption><\/figure>\n\n\n\n<p><\/p>\n\n\n\n<p><\/p>\n","protected":false},"excerpt":{"rendered":"<p>Das Haus hat insgesamt 4 Schlafzimmer, jedes ca. 20 m\u00b2 gro\u00df, 1 Wohnzimmer nach Absprache, 1 gro\u00dfen Koch-, Ess-, und Wohnbereich, ca. 40 m\u00b2 2 B\u00e4der, je ca. 6 m\u00b2 \u2013 verteilt auf drei Stockwerke. Es gibt zwei B\u00e4der mit jeweils einer Dusche, Waschbecken und Toilette.In den der Wohnk\u00fcche hat es alles, was man zum [&hellip;]<\/p>\n","protected":false},"author":1,"featured_media":0,"parent":91,"menu_order":0,"comment_status":"closed","ping_status":"closed","template":"page-templates\/page-nosidebars.php","meta":{"footnotes":""},"class_list":["post-93","page","type-page","status-publish","hentry"],"_links":{"self":[{"href":"https:\/\/casa-colloro.de\/index.php\/wp-json\/wp\/v2\/pages\/93","targetHints":{"allow":["GET"]}}],"collection":[{"href":"https:\/\/casa-colloro.de\/index.php\/wp-json\/wp\/v2\/pages"}],"about":[{"href":"https:\/\/casa-colloro.de\/index.php\/wp-json\/wp\/v2\/types\/page"}],"author":[{"embeddable":true,"href":"https:\/\/casa-colloro.de\/index.php\/wp-json\/wp\/v2\/users\/1"}],"replies":[{"embeddable":true,"href":"https:\/\/casa-colloro.de\/index.php\/wp-json\/wp\/v2\/comments?post=93"}],"version-history":[{"count":38,"href":"https:\/\/casa-colloro.de\/index.php\/wp-json\/wp\/v2\/pages\/93\/revisions"}],"predecessor-version":[{"id":386,"href":"https:\/\/casa-colloro.de\/index.php\/wp-json\/wp\/v2\/pages\/93\/revisions\/386"}],"up":[{"embeddable":true,"href":"https:\/\/casa-colloro.de\/index.php\/wp-json\/wp\/v2\/pages\/91"}],"wp:attachment":[{"href":"https:\/\/casa-colloro.de\/index.php\/wp-json\/wp\/v2\/media?parent=93"}],"curies":[{"name":"wp","href":"https:\/\/api.w.org\/{rel}","templated":true}]}}